{"id":15547,"date":"2020-01-07T22:35:46","date_gmt":"2020-01-07T22:35:46","guid":{"rendered":"https:\/\/casadevenezuela.net\/site\/?page_id=15547"},"modified":"2020-02-13T19:51:46","modified_gmt":"2020-02-13T19:51:46","slug":"centrodeinformacion","status":"publish","type":"page","link":"https:\/\/casadevenezuela.net\/site\/es\/centrodeinformacion\/","title":{"rendered":"Centro de Informaci\u00f3n"},"content":{"rendered":"<div id=\"fb-root\"><\/div>\n<p>[vc_row css_animation=&#8221;&#8221; row_type=&#8221;row&#8221; use_row_as_full_screen_section=&#8221;no&#8221; type=&#8221;full_width&#8221; angled_section=&#8221;no&#8221; text_align=&#8221;left&#8221; background_image_as_pattern=&#8221;without_pattern&#8221;][vc_column][vc_empty_space][vc_empty_space][vc_column_text]<\/p>\n<h1 style=\"text-align: center;\">Recursos para inmigrantes en Philadelphia<\/h1>\n<p>[\/vc_column_text][vc_empty_space][vc_empty_space][\/vc_column][\/vc_row][vc_row css_animation=&#8221;&#8221; row_type=&#8221;row&#8221; use_row_as_full_screen_section=&#8221;no&#8221; type=&#8221;full_width&#8221; angled_section=&#8221;no&#8221; text_align=&#8221;left&#8221; background_image_as_pattern=&#8221;without_pattern&#8221;][vc_column][vc_accordion active_tab=&#8221;false&#8221; collapsible=&#8221;yes&#8221; style=&#8221;accordion&#8221; title=&#8221;Immigracion Services&#8221;][vc_accordion_tab title=&#8221;Servicios de Inmigraci\u00f3n&#8221; title_tag=&#8221;h2&#8243; title_color=&#8221;#ffffff&#8221; background_color=&#8221;#eeee22&#8243;][vc_row_inner row_type=&#8221;row&#8221; type=&#8221;full_width&#8221; text_align=&#8221;left&#8221; css_animation=&#8221;&#8221;][vc_column_inner width=&#8221;1\/2&#8243;][vc_single_image image=&#8221;15504&#8243; img_size=&#8221;200&#8243; alignment=&#8221;center&#8221; onclick=&#8221;custom_link&#8221; img_link_target=&#8221;_blank&#8221; qode_css_animation=&#8221;&#8221; link=&#8221;https:\/\/hiaspa.org\/&#8221;][\/vc_column_inner][vc_column_inner width=&#8221;1\/2&#8243;][vc_column_text]<\/p>\n<p style=\"text-align: left;\">Impulsado por el valor jud\u00edo de &#8220;dar la bienvenida al extra\u00f1o&#8221;, HIAS Pennsylvania ofrece servicios legales, de reasentamiento, de ciudadan\u00eda y de apoyo a inmigrantes, refugiados y solicitantes de asilo de todos los or\u00edgenes con el fin de garantizar su trato justo y su plena integraci\u00f3n en la sociedad estadounidense. HIAS Pennsylvania aboga por pr\u00e1cticas justas e inclusivas.<\/p>\n<p>Direcci\u00f3n: 2100 Arch Street<br \/>\nPhiladelphia, PA 19103-1300<br \/>\n(215)832-0900<\/p>\n<p style=\"text-align: left;\"><a href=\"https:\/\/hiaspa.org\/\" target=\"_blank\" rel=\"noopener noreferrer\">https:\/\/hiaspa.org\/<\/a><\/p>\n<p>[\/vc_column_text][\/vc_column_inner][\/vc_row_inner][vc_empty_space][vc_empty_space][vc_row_inner row_type=&#8221;row&#8221; type=&#8221;full_width&#8221; text_align=&#8221;left&#8221; css_animation=&#8221;&#8221;][vc_column_inner width=&#8221;1\/2&#8243;][vc_single_image image=&#8221;15515&#8243; img_size=&#8221;200&#8243; alignment=&#8221;center&#8221; onclick=&#8221;custom_link&#8221; img_link_target=&#8221;_blank&#8221; qode_css_animation=&#8221;&#8221; link=&#8221;https:\/\/www.esperanza.us\/eils\/&#8221;][\/vc_column_inner][vc_column_inner width=&#8221;1\/2&#8243;][vc_column_text]<\/p>\n<p style=\"text-align: left;\">Los Servicios Legales de Inmigraci\u00f3n de Esperanza (EILS) se formaron en 2009 con la misi\u00f3n de proporcionar servicios legales directos, defensa y educaci\u00f3n comunitaria para inmigrantes desatendidos y sus familias para que tengan la oportunidad de contribuir y participar en la sociedad estadounidense.<\/p>\n<p>Direcci\u00f3n: 4261 North 5th Street<br \/>\nPhiladelphia, PA 19140<br \/>\n(215) 324-0746<\/p>\n<p style=\"text-align: left;\"><a href=\"https:\/\/www.esperanza.us\/eils\/\" target=\"_blank\" rel=\"noopener noreferrer\">https:\/\/www.esperanza.us\/eils\/<\/a><\/p>\n<p>[\/vc_column_text][\/vc_column_inner][\/vc_row_inner][vc_empty_space][vc_empty_space][vc_row_inner row_type=&#8221;row&#8221; type=&#8221;full_width&#8221; text_align=&#8221;left&#8221; css_animation=&#8221;&#8221;][vc_column_inner width=&#8221;1\/2&#8243;][vc_single_image image=&#8221;15517&#8243; img_size=&#8221;200&#8243; alignment=&#8221;center&#8221; onclick=&#8221;custom_link&#8221; img_link_target=&#8221;_blank&#8221; qode_css_animation=&#8221;&#8221; link=&#8221;https:\/\/camdenlawandjustice.org\/immigration-services\/&#8221;][\/vc_column_inner][vc_column_inner width=&#8221;1\/2&#8243;][vc_column_text]<\/p>\n<p style=\"text-align: left;\">CCLSJ fue fundado como un acto de colaboraci\u00f3n entre la Provincia de Maryland de la Compa\u00f1\u00eda de Jes\u00fas, la Di\u00f3cesis de Camden y los ministros laicos. Buscamos promover la justicia para los pobres y marginados en la ciudad de Camden y en todo el sur de Nueva Jersey. Junto con nuestros socios en HNCM, y en cooperaci\u00f3n con el Obispo de Camden, nos esforzamos por proporcionar servicios esenciales a trav\u00e9s de nuestro ministerio legal a la comunidad inmigrante y los trabajadores pobres.<\/p>\n<p>Direcci\u00f3n: 126 N. Broadway (2nd Floor)<br \/>\nCamden, NJ 08103<br \/>\nPhone: 856-583-2950<br \/>\nFax: 856-583-2955<\/p>\n<p style=\"text-align: left;\"><a href=\"https:\/\/camdenlawandjustice.org\/immigration-services\/\" target=\"_blank\" rel=\"noopener noreferrer\">https:\/\/camdenlawandjustice.org\/immigration-services\/<\/a><\/p>\n<p>[\/vc_column_text][\/vc_column_inner][\/vc_row_inner][vc_empty_space][vc_empty_space][\/vc_accordion_tab][vc_accordion_tab title=&#8221;Servicios de Salud&#8221; title_tag=&#8221;h2&#8243; title_color=&#8221;#ffffff&#8221; background_color=&#8221;#1e73be&#8221;][vc_empty_space][vc_row_inner row_type=&#8221;row&#8221; type=&#8221;full_width&#8221; text_align=&#8221;left&#8221; css_animation=&#8221;&#8221;][vc_column_inner width=&#8221;1\/2&#8243;][vc_single_image image=&#8221;15522&#8243; img_size=&#8221;200&#8243; alignment=&#8221;center&#8221; onclick=&#8221;custom_link&#8221; img_link_target=&#8221;_blank&#8221; qode_css_animation=&#8221;&#8221; link=&#8221;http:\/\/www.puentesdesalud.org\/&#8221;][\/vc_column_inner][vc_column_inner width=&#8221;1\/2&#8243;][vc_column_text]<\/p>\n<p style=\"text-align: left;\">Puentes de Salud se funda en los principios de los determinantes sociales de la salud y la justicia social. Creemos que la salud, el bienestar y el empoderamiento de la comunidad son el resultado de un esfuerzo colaborativo y multidisciplinario para abordar las condiciones en las que crecemos, aprendemos, vivimos, trabajamos y envejecemos.<\/p>\n<p>Direcci\u00f3n: 1700 South Street<br \/>\nPhiladelphia, PA 19146<br \/>\n(215)454-8000<\/p>\n<p style=\"text-align: left;\"><a href=\"http:\/\/www.puentesdesalud.org\/\" target=\"_blank\" rel=\"noopener noreferrer\">http:\/\/www.puentesdesalud.org\/<\/a><\/p>\n<p>[\/vc_column_text][\/vc_column_inner][\/vc_row_inner][vc_empty_space][vc_empty_space][vc_row_inner row_type=&#8221;row&#8221; type=&#8221;full_width&#8221; text_align=&#8221;left&#8221; css_animation=&#8221;&#8221;][vc_column_inner width=&#8221;1\/2&#8243;][vc_single_image image=&#8221;15526&#8243; img_size=&#8221;200&#8243; alignment=&#8221;center&#8221; onclick=&#8221;custom_link&#8221; img_link_target=&#8221;_blank&#8221; qode_css_animation=&#8221;&#8221; link=&#8221;https:\/\/www.healthlinkdental.org\/&#8221;][\/vc_column_inner][vc_column_inner width=&#8221;1\/2&#8243;][vc_column_text]<\/p>\n<p style=\"text-align: left;\">Nuestra misi\u00f3n es mejorar la salud general de los adultos calificados con bajos salarios en los condados de Bucks y Montgomery al proporcionar servicios dentales preventivos y restauradores gratuitos y educaci\u00f3n sobre salud bucal<\/p>\n<p>Direcci\u00f3n: 1775 Street Road<br \/>\nSouthampton, PA 18966<br \/>\ninfo@healthlinkdental.org<br \/>\nTel:\u00a0 215-364-4247<\/p>\n<p style=\"text-align: left;\"><a href=\"https:\/\/www.healthlinkdental.org\/\" target=\"_blank\" rel=\"noopener noreferrer\">https:\/\/www.healthlinkdental.org\/<\/a><\/p>\n<p>[\/vc_column_text][\/vc_column_inner][\/vc_row_inner][vc_empty_space][vc_empty_space][vc_row_inner row_type=&#8221;row&#8221; type=&#8221;full_width&#8221; text_align=&#8221;left&#8221; css_animation=&#8221;&#8221;][vc_column_inner width=&#8221;1\/2&#8243;][vc_single_image image=&#8221;15529&#8243; img_size=&#8221;200&#8243; alignment=&#8221;center&#8221; onclick=&#8221;custom_link&#8221; img_link_target=&#8221;_blank&#8221; qode_css_animation=&#8221;&#8221; link=&#8221;https:\/\/www.pawic.com\/&#8221;][\/vc_column_inner][vc_column_inner width=&#8221;1\/2&#8243;][vc_column_text]<\/p>\n<p style=\"text-align: left;\">El Programa WIC (Mujeres, Beb\u00e9s y Ni\u00f1os) est\u00e1 disponible para mujeres embarazadas y lactantes, as\u00ed como para ni\u00f1os hasta la edad de 5 a\u00f1os, sin importar el estado migratorio. WIC proporciona informaci\u00f3n nutricional, alimentos y otros servicios sociales a mujeres embarazadas, madres y ni\u00f1os menores de cinco a\u00f1os que deben considerarse en riesgo nutricional. Para obtener informaci\u00f3n sobre el Centro WIC m\u00e1s cercano a usted, llame al 1-800-WIC-WINS.<\/p>\n<p>&nbsp;<\/p>\n<p><a href=\"https:\/\/www.pawic.com\/\" target=\"_blank\" rel=\"noopener noreferrer\">https:\/\/www.pawic.com\/<\/a>[\/vc_column_text][\/vc_column_inner][\/vc_row_inner][vc_empty_space][vc_empty_space][vc_row_inner row_type=&#8221;row&#8221; type=&#8221;full_width&#8221; text_align=&#8221;left&#8221; css_animation=&#8221;&#8221;][vc_column_inner width=&#8221;1\/2&#8243;][vc_single_image image=&#8221;15531&#8243; img_size=&#8221;200&#8243; alignment=&#8221;center&#8221; onclick=&#8221;custom_link&#8221; img_link_target=&#8221;_blank&#8221; qode_css_animation=&#8221;&#8221; link=&#8221;https:\/\/esperanzahealth.com\/&#8221;][\/vc_column_inner][vc_column_inner width=&#8221;1\/2&#8243;][vc_column_text]<\/p>\n<p style=\"text-align: left;\">Impulsados por el amor de Dios en Cristo Jes\u00fas, en cooperaci\u00f3n con la Iglesia y otros, El Centro de Salud Esperanza es un ministerio multicultural que proporciona el cuidado m\u00e9dico hol\u00edstico en la comunidad Latina y de bajos recursos en Filadelfia.<\/p>\n<p>&nbsp;<\/p>\n<p><a href=\"https:\/\/esperanzahealth.com\/\" target=\"_blank\" rel=\"noopener noreferrer\">https:\/\/esperanzahealth.com\/<\/a>[\/vc_column_text][\/vc_column_inner][\/vc_row_inner][vc_empty_space][vc_empty_space][\/vc_accordion_tab][vc_accordion_tab title=&#8221;Clases de Ingl\u00e9s&#8221; title_tag=&#8221;h2&#8243; title_color=&#8221;#ffffff&#8221; background_color=&#8221;#dd3333&#8243;][vc_row_inner row_type=&#8221;row&#8221; type=&#8221;full_width&#8221; text_align=&#8221;left&#8221; css_animation=&#8221;&#8221;][vc_column_inner width=&#8221;1\/2&#8243;][vc_single_image image=&#8221;15534&#8243; img_size=&#8221;200&#8243; alignment=&#8221;center&#8221; onclick=&#8221;custom_link&#8221; img_link_target=&#8221;_blank&#8221; qode_css_animation=&#8221;&#8221; link=&#8221;https:\/\/welcomingcenter.org\/&#8221;][\/vc_column_inner][vc_column_inner width=&#8221;1\/2&#8243;][vc_column_text]<\/p>\n<p style=\"text-align: left;\">Aprender ingl\u00e9s es un paso clave para adaptarse a la vida estadounidense y convertirse en una parte activa de la sociedad. Un mejor ingl\u00e9s te ayudar\u00e1 en el trabajo, en la escuela y en situaciones sociales. El Centro de bienvenida ofrece las siguientes clases de ingl\u00e9s de forma gratuita: Clases de ingl\u00e9s para estudiantes de todos los niveles, desde principiantes hasta avanzados. Clases de civismo y ciudadan\u00eda para estudiantes de ingl\u00e9s que est\u00e9n interesados en aprender m\u00e1s sobre la sociedad estadounidense o que est\u00e9n interesados en convertirse en ciudadanos. Clases de educaci\u00f3n b\u00e1sica para adultos y GED para aquellos sin un diploma de escuela secundaria o que desean mejorar sus habilidades b\u00e1sicas.<\/p>\n<p>Direcci\u00f3n: 211 N 13th St<br \/>\n4th Floor<br \/>\nPhiladelphia, PA 19107<\/p>\n<p><a href=\"tel:215.557.2626\">215.557.2626<\/a><\/p>\n<p style=\"text-align: left;\"><a href=\"https:\/\/welcomingcenter.org\/\" target=\"_blank\" rel=\"noopener noreferrer\">https:\/\/welcomingcenter.org\/<\/a><\/p>\n<p>[\/vc_column_text][\/vc_column_inner][\/vc_row_inner][vc_empty_space][vc_empty_space][vc_row_inner row_type=&#8221;row&#8221; type=&#8221;full_width&#8221; text_align=&#8221;left&#8221; css_animation=&#8221;&#8221;][vc_column_inner width=&#8221;1\/2&#8243;][vc_single_image image=&#8221;15535&#8243; img_size=&#8221;200&#8243; alignment=&#8221;center&#8221; onclick=&#8221;custom_link&#8221; img_link_target=&#8221;_blank&#8221; qode_css_animation=&#8221;&#8221; link=&#8221;https:\/\/nscphila.org\/lap\/esl-and-language-proficiency&#8221;][\/vc_column_inner][vc_column_inner width=&#8221;1\/2&#8243;][vc_column_text]<\/p>\n<p style=\"text-align: left;\">Durante casi 95 a\u00f1os, NSC se ha mantenido como el principal centro de clases de ingl\u00e9s en el \u00e1rea metropolitana de Filadelfia. El Centro de Servicios de Nacionalidades tambi\u00e9n est\u00e1 acreditado por la Ley 48 del Departamento de Educaci\u00f3n de Pensilvania. Nuestras clases m\u00e1s populares son nuestras clases de ingl\u00e9s como segundo idioma (ESL) centradas en el alumno: ofrecemos cursos para principiantes, intermedios y avanzados. Las habilidades ling\u00fc\u00edsticas de los estudiantes se eval\u00faan en el registro y se colocan en uno de los siete niveles de clases de ESL. Todas nuestras clases est\u00e1n abiertas al p\u00fablico y se imparten en el sitio en NSC por maestros voluntarios altamente motivados y experimentados que ayudan a los estudiantes a obtener una mejor comprensi\u00f3n de la cultura y la sociedad de los Estados Unidos.<\/p>\n<p>Direcci\u00f3n: Nationalities Service Center<br \/>\n1216 Arch Street, 4th Floor<br \/>\nPhiladelphia, PA 19107<br \/>\n215-893-8400<\/p>\n<p style=\"text-align: left;\"><a href=\"https:\/\/nscphila.org\/lap\/esl-and-language-proficiency\" target=\"_blank\" rel=\"noopener noreferrer\">https:\/\/nscphila.org\/lap\/esl-and-language-proficiency<\/a><\/p>\n<p>[\/vc_column_text][\/vc_column_inner][\/vc_row_inner][vc_empty_space][vc_empty_space][vc_row_inner row_type=&#8221;row&#8221; type=&#8221;full_width&#8221; text_align=&#8221;left&#8221; css_animation=&#8221;&#8221;][vc_column_inner width=&#8221;1\/2&#8243;][vc_single_image image=&#8221;15538&#8243; img_size=&#8221;200&#8243; alignment=&#8221;center&#8221; onclick=&#8221;custom_link&#8221; img_link_target=&#8221;_blank&#8221; qode_css_animation=&#8221;&#8221; link=&#8221;https:\/\/www.freelibrary.org\/&#8221;][\/vc_column_inner][vc_column_inner width=&#8221;1\/2&#8243;][vc_column_text]<\/p>\n<p style=\"text-align: left;\">Ingl\u00e9s como segundo idioma (ESL): varias locaciones (consulte el sitio web).<\/p>\n<p style=\"text-align: left;\"><a href=\"https:\/\/libwww.freelibrary.org\/\" target=\"_blank\" rel=\"noopener noreferrer\">https:\/\/libwww.freelibrary.org\/<\/a><\/p>\n<p>[\/vc_column_text][\/vc_column_inner][\/vc_row_inner][vc_empty_space][vc_empty_space][\/vc_accordion_tab][\/vc_accordion][\/vc_column][\/vc_row][vc_row css_animation=&#8221;&#8221; row_type=&#8221;row&#8221; use_row_as_full_screen_section=&#8221;no&#8221; type=&#8221;full_width&#8221; angled_section=&#8221;no&#8221; text_align=&#8221;left&#8221; background_image_as_pattern=&#8221;without_pattern&#8221;][vc_column][vc_empty_space][vc_empty_space][vc_column_text]<\/p>\n<p style=\"text-align: center;\">Advertencia: Casa de Venezuela no es responsable de los servicios prestados por los proveedores enumerados, esta lista se ofrece solo como gu\u00eda y no implica ning\u00fan tipo de responsabilidad de nuestra parte.<\/p>\n<p>[\/vc_column_text][vc_empty_space][vc_empty_space][\/vc_column][\/vc_row]<\/p>\n","protected":false},"excerpt":{"rendered":"<p>[vc_row css_animation=&#8221;&#8221; row_type=&#8221;row&#8221; use_row_as_full_screen_section=&#8221;no&#8221; type=&#8221;full_width&#8221; angled_section=&#8221;no&#8221; text_align=&#8221;left&#8221; background_image_as_pattern=&#8221;without_pattern&#8221;][vc_column][vc_empty_space][vc_empty_space][vc_column_text] Recursos para inmigrantes en Philadelphia [\/vc_column_text][vc_empty_space][vc_empty_space][\/vc_column][\/vc_row][vc_row css_animation=&#8221;&#8221; row_type=&#8221;row&#8221; use_row_as_full_screen_section=&#8221;no&#8221; type=&#8221;full_width&#8221; angled_section=&#8221;no&#8221; text_align=&#8221;left&#8221; background_image_as_pattern=&#8221;without_pattern&#8221;][vc_column][vc_accordion active_tab=&#8221;false&#8221; collapsible=&#8221;yes&#8221; style=&#8221;accordion&#8221; title=&#8221;Immigracion Services&#8221;][vc_accordion_tab title=&#8221;Servicios de Inmigraci\u00f3n&#8221; title_tag=&#8221;h2&#8243; title_color=&#8221;#ffffff&#8221; background_color=&#8221;#eeee22&#8243;][vc_row_inner row_type=&#8221;row&#8221; type=&#8221;full_width&#8221; text_align=&#8221;left&#8221; css_animation=&#8221;&#8221;][vc_column_inner width=&#8221;1\/2&#8243;][vc_single_image image=&#8221;15504&#8243; img_size=&#8221;200&#8243; alignment=&#8221;center&#8221; onclick=&#8221;custom_link&#8221; img_link_target=&#8221;_blank&#8221; qode_css_animation=&#8221;&#8221; link=&#8221;https:\/\/hiaspa.org\/&#8221;][\/vc_column_inner][vc_column_inner width=&#8221;1\/2&#8243;][vc_column_text]&#8230;<\/p>\n","protected":false},"author":1,"featured_media":0,"parent":0,"menu_order":0,"comment_status":"closed","ping_status":"closed","template":"","meta":{"pagelayer_contact_templates":[],"_pagelayer_content":"","cybocfi_hide_featured_image":"","footnotes":""},"class_list":["post-15547","page","type-page","status-publish","hentry"],"_links":{"self":[{"href":"https:\/\/casadevenezuela.net\/site\/wp-json\/wp\/v2\/pages\/15547"}],"collection":[{"href":"https:\/\/casadevenezuela.net\/site\/wp-json\/wp\/v2\/pages"}],"about":[{"href":"https:\/\/casadevenezuela.net\/site\/wp-json\/wp\/v2\/types\/page"}],"author":[{"embeddable":true,"href":"https:\/\/casadevenezuela.net\/site\/wp-json\/wp\/v2\/users\/1"}],"replies":[{"embeddable":true,"href":"https:\/\/casadevenezuela.net\/site\/wp-json\/wp\/v2\/comments?post=15547"}],"version-history":[{"count":0,"href":"https:\/\/casadevenezuela.net\/site\/wp-json\/wp\/v2\/pages\/15547\/revisions"}],"wp:attachment":[{"href":"https:\/\/casadevenezuela.net\/site\/wp-json\/wp\/v2\/media?parent=15547"}],"curies":[{"name":"wp","href":"https:\/\/api.w.org\/{rel}","templated":true}]}}