{"id":15567,"date":"2020-01-08T17:10:28","date_gmt":"2020-01-08T17:10:28","guid":{"rendered":"https:\/\/casadevenezuela.net\/site\/?page_id=15567"},"modified":"2021-06-30T20:10:27","modified_gmt":"2021-06-30T20:10:27","slug":"advocacy_es","status":"publish","type":"page","link":"https:\/\/casadevenezuela.net\/site\/es\/advocacy_es\/","title":{"rendered":"Advocacy &#8211; espa\u00f1ol"},"content":{"rendered":"<div id=\"fb-root\"><\/div>\n<p>[vc_row css_animation=&#8221;&#8221; row_type=&#8221;row&#8221; use_row_as_full_screen_section=&#8221;no&#8221; type=&#8221;full_width&#8221; angled_section=&#8221;no&#8221; text_align=&#8221;left&#8221; background_image_as_pattern=&#8221;without_pattern&#8221;][vc_column][vc_empty_space][\/vc_column][\/vc_row][vc_row css_animation=&#8221;&#8221; row_type=&#8221;row&#8221; use_row_as_full_screen_section=&#8221;no&#8221; type=&#8221;full_width&#8221; angled_section=&#8221;no&#8221; text_align=&#8221;left&#8221; background_image_as_pattern=&#8221;without_pattern&#8221;][vc_column][vc_empty_space][vc_column_text]Conciencia sobre la situaci\u00f3n de Venezuela.<\/p>\n<p>El \u00e9xodo de refugiados de Venezuela ha sido considerado <a href=\"https:\/\/www.washingtonpost.com\/world\/2018\/08\/23\/venezuelas-refugee-exodus-is-biggest-crisis-hemisphere\/\">la mayor crisis humanitaria del hemisferio<\/a>. Esta crisis de refugiados ha causado un gran impacto en pa\u00edses como Colombia, Per\u00fa, Ecuador y Brasil. Las Naciones Unidas estiman que el n\u00famero de <a href=\"https:\/\/news.un.org\/en\/story\/2019\/04\/1036441\">migrantes venezolanos superar\u00e1 los cinco millones para fines de 2019<\/a>. Adem\u00e1s, el r\u00e9gimen venezolano ha sido severamente criticado por organizaciones de derechos humanos como <a href=\"https:\/\/www.hrw.org\/americas\/venezuela\">Human Rights Watch<\/a> y<a href=\"https:\/\/www.amnesty.org\/en\/latest\/news\/2019\/05\/venezuela-crimes-against-humanity-require-response-from-international-justice-system\/\"> Amnist\u00eda Internacional<\/a>, entre otras.<\/p>\n<p>Como comunidad de Venezuela, es imperativo que informemos y eduquemos al p\u00fablico sobre la crisis humanitaria, pol\u00edtica y econ\u00f3mica que atraviesa Venezuela.<\/p>\n<p>Fuentes responsables que informan sobre la crisis de Venezuela:<\/p>\n<p style=\"text-align: center;\"><strong>\u00a0<\/strong><\/p>\n<p style=\"text-align: center;\"><a href=\"https:\/\/acnur.org\/5db9d0914#_ga=2.129027468.1243230194.1576716044-1971679757.1576716044\"><strong>The UN Refugee Agency (UNHCR)<\/strong><\/a><\/p>\n<p style=\"text-align: center;\"><a href=\"https:\/\/www.amnesty.org\/en\/latest\/news\/2019\/02\/10-things-you-need-to-know-about-venezuelas-human-rights-crisis\/\"><strong>Amnesty International<\/strong><\/a><\/p>\n<p style=\"text-align: center;\"><a href=\"https:\/\/www.hrw.org\/world-report\/2019\/country-chapters\/venezuela\"><strong>Human Rights Watch<\/strong><\/a><\/p>\n<p style=\"text-align: center;\"><a href=\"https:\/\/www.mercycorps.org\/articles\/venezuela-crisis-quick-facts\"><strong>Mercy Corps<\/strong><\/a><\/p>\n<p style=\"text-align: center;\"><a href=\"https:\/\/www.cfr.org\/interactive\/global-conflict-tracker\/conflict\/instability-venezuela\"><strong>Council on Foreign Relations<\/strong><\/a><\/p>\n<p>[\/vc_column_text][\/vc_column][\/vc_row][vc_row css_animation=&#8221;&#8221; row_type=&#8221;row&#8221; use_row_as_full_screen_section=&#8221;no&#8221; type=&#8221;full_width&#8221; angled_section=&#8221;no&#8221; text_align=&#8221;left&#8221; background_image_as_pattern=&#8221;without_pattern&#8221;][vc_column][vc_empty_space][vc_empty_space][vc_empty_space][\/vc_column][\/vc_row]<\/p>\n","protected":false},"excerpt":{"rendered":"<p>[vc_row css_animation=&#8221;&#8221; row_type=&#8221;row&#8221; use_row_as_full_screen_section=&#8221;no&#8221; type=&#8221;full_width&#8221; angled_section=&#8221;no&#8221; text_align=&#8221;left&#8221; background_image_as_pattern=&#8221;without_pattern&#8221;][vc_column][vc_empty_space][\/vc_column][\/vc_row][vc_row css_animation=&#8221;&#8221; row_type=&#8221;row&#8221; use_row_as_full_screen_section=&#8221;no&#8221; type=&#8221;full_width&#8221; angled_section=&#8221;no&#8221; text_align=&#8221;left&#8221; background_image_as_pattern=&#8221;without_pattern&#8221;][vc_column][vc_empty_space][vc_column_text]Conciencia sobre la situaci\u00f3n de Venezuela. El \u00e9xodo de refugiados de Venezuela ha sido considerado la mayor crisis humanitaria del hemisferio. Esta crisis de refugiados ha causado un gran impacto en&#8230;<\/p>\n","protected":false},"author":1,"featured_media":0,"parent":0,"menu_order":0,"comment_status":"closed","ping_status":"closed","template":"","meta":{"pagelayer_contact_templates":[],"_pagelayer_content":"","cybocfi_hide_featured_image":"","footnotes":""},"class_list":["post-15567","page","type-page","status-publish","hentry"],"_links":{"self":[{"href":"https:\/\/casadevenezuela.net\/site\/wp-json\/wp\/v2\/pages\/15567"}],"collection":[{"href":"https:\/\/casadevenezuela.net\/site\/wp-json\/wp\/v2\/pages"}],"about":[{"href":"https:\/\/casadevenezuela.net\/site\/wp-json\/wp\/v2\/types\/page"}],"author":[{"embeddable":true,"href":"https:\/\/casadevenezuela.net\/site\/wp-json\/wp\/v2\/users\/1"}],"replies":[{"embeddable":true,"href":"https:\/\/casadevenezuela.net\/site\/wp-json\/wp\/v2\/comments?post=15567"}],"version-history":[{"count":0,"href":"https:\/\/casadevenezuela.net\/site\/wp-json\/wp\/v2\/pages\/15567\/revisions"}],"wp:attachment":[{"href":"https:\/\/casadevenezuela.net\/site\/wp-json\/wp\/v2\/media?parent=15567"}],"curies":[{"name":"wp","href":"https:\/\/api.w.org\/{rel}","templated":true}]}}